{"id":5963,"date":"2019-02-27T17:31:04","date_gmt":"2019-02-27T16:31:04","guid":{"rendered":"http:\/\/mapaobrzedowa.pl\/mapa\/?page_id=5963"},"modified":"2022-03-23T08:39:13","modified_gmt":"2022-03-23T07:39:13","slug":"lista-obrzedow","status":"publish","type":"page","link":"https:\/\/mapaobrzedowa.pl\/mapa\/lista-obrzedow\/","title":{"rendered":"Lista obrz\u0119d\u00f3w"},"content":{"rendered":"\t\t<div data-elementor-type=\"wp-post\" data-elementor-id=\"5963\" class=\"elementor elementor-5963\">\n\t\t\t\t\t\t<div class=\"elementor-inner\">\n\t\t\t\t<div class=\"elementor-section-wrap\">\n\t\t\t\t\t\t\t\t\t<section class=\"elementor-section elementor-top-section elementor-element elementor-element-934c90c elementor-section-boxed elementor-section-height-default elementor-section-height-default\" data-id=\"934c90c\" data-element_type=\"section\">\n\t\t\t\t\t\t<div class=\"elementor-container elementor-column-gap-default\">\n\t\t\t\t\t\t\t<div class=\"elementor-row\">\n\t\t\t\t\t<div class=\"elementor-column elementor-col-100 elementor-top-column elementor-element elementor-element-b000c77\" data-id=\"b000c77\" data-element_type=\"column\">\n\t\t\t<div class=\"elementor-column-wrap elementor-element-populated\">\n\t\t\t\t\t\t\t<div class=\"elementor-widget-wrap\">\n\t\t\t\t\t\t<div class=\"elementor-element elementor-element-8c2c89b elementor-widget elementor-widget-html\" data-id=\"8c2c89b\" data-element_type=\"widget\" data-widget_type=\"html.default\">\n\t\t\t\t<div class=\"elementor-widget-container\">\n\t\t\t1. <a href=\"http:\/\/mapaobrzedowa.pl\/mapa\/?s=Babski comber\">Babski comber<\/a><br>\n2. <a href=\"http:\/\/mapaobrzedowa.pl\/mapa\/?s=Betlyjki\">Betlyjki<\/a><br>\n3. <a href=\"http:\/\/mapaobrzedowa.pl\/mapa\/?s=Bo\u017ce Cia\u0142o\">Bo\u017ce Cia\u0142o<\/a><br>\n4. <a href=\"http:\/\/mapaobrzedowa.pl\/mapa\/?s=Chodzenie z koz\u0142em\">Chodzenie z koz\u0142em<\/a><br>\n5. <a href=\"http:\/\/mapaobrzedowa.pl\/mapa\/?s=Darcie pierza\">Darcie pierza<\/a><br>\n6. <a href=\"http:\/\/mapaobrzedowa.pl\/mapa\/?s=Dni Krzy\u017cowe\">Dni Krzy\u017cowe<\/a><br>\n7. <a href=\"http:\/\/mapaobrzedowa.pl\/mapa\/?s=Do\u017cynki\">Do\u017cynki<\/a><br>\n8. <a href=\"http:\/\/mapaobrzedowa.pl\/mapa\/?s=Droga krzy\u017cowa i misteria m\u0119ki pa\u0144skiej\">Droga krzy\u017cowa i misteria m\u0119ki pa\u0144skiej<\/a><br>\n9. <a href=\"http:\/\/mapaobrzedowa.pl\/mapa\/?s=Dziady noworoczne\">Dziady noworoczne<\/a><br>\n10. <a href=\"http:\/\/mapaobrzedowa.pl\/mapa\/?s=Emaus\">Emaus<\/a><br>\n11. <a href=\"http:\/\/mapaobrzedowa.pl\/mapa\/?s=Fakle\">Fakle<\/a><br>\n12. <a href=\"http:\/\/mapaobrzedowa.pl\/mapa\/?s=Golenie brody\">Golenie brody<\/a><br>\n13. <a href=\"http:\/\/mapaobrzedowa.pl\/mapa\/?s=Halloween\">Halloween<\/a><br>\n14. <a href=\"http:\/\/mapaobrzedowa.pl\/mapa\/?s=Herody, kol\u0119dnicy misyjni i przegl\u0105dy kol\u0119dnicze\">Herody, kol\u0119dnicy misyjni i przegl\u0105dy kol\u0119dnicze<\/a><br>\n15. <a href=\"http:\/\/mapaobrzedowa.pl\/mapa\/?s=Jarmark adwentowy\">Jarmark adwentowy<\/a><br>\n16. <a href=\"http:\/\/mapaobrzedowa.pl\/mapa\/?s=J\u00f3zefek\">J\u00f3zefek<\/a><br>\n17. <a href=\"http:\/\/mapaobrzedowa.pl\/mapa\/?s=Klekotki, ko\u0142atki, tragaczyki i tyrkotki\">Klekotki, ko\u0142atki, tragaczyki i tyrkotki<\/a><br>\n18. <a href=\"http:\/\/mapaobrzedowa.pl\/mapa\/category\/kolednicy\/\">Kol\u0119dnicy<\/a><br>\n20. <a href=\"http:\/\/mapaobrzedowa.pl\/mapa\/?s=Krzy\u017coki i brama wielkanocna\">Krzy\u017coki i brama wielkanocna<\/a><br>\n21. <a href=\"http:\/\/mapaobrzedowa.pl\/mapa\/?s=Krzy\u017cyki palmowe\">Krzy\u017cyki palmowe<\/a><br>\n22. <a href=\"http:\/\/mapaobrzedowa.pl\/mapa\/?s=Kulanie jaj\">Kulanie jaj<\/a><br>\n23. <a href=\"http:\/\/mapaobrzedowa.pl\/mapa\/?s=Marsz Wszystkich \u015awi\u0119tych\">Marsz Wszystkich \u015awi\u0119tych<\/a><br>\n24. <a href=\"http:\/\/mapaobrzedowa.pl\/mapa\/?s=Marzanki i marzo\u0142ki\">Marzanki i marzo\u0142ki<\/a><br>\n25. <a href=\"http:\/\/mapaobrzedowa.pl\/mapa\/?s=Marzanna, Marzaniok i goik\">Marzanna, Marzaniok i goik<\/a><br>\n26. <a href=\"http:\/\/mapaobrzedowa.pl\/mapa\/?s=Misterium M\u0119ki Pa\u0144skiej\">Misterium M\u0119ki Pa\u0144skiej<\/a><br>\n27. <a href=\"http:\/\/mapaobrzedowa.pl\/mapa\/?s=M\u0142odzie\u017c z procesji do \u201ekrzy\u017ca\u201d\">M\u0142odzie\u017c z procesji do \u201ekrzy\u017ca\u201d<\/a><br>\n28. <a href=\"http:\/\/mapaobrzedowa.pl\/mapa\/?s=Nabo\u017ce\u0144stwo majowe\">Nabo\u017ce\u0144stwo majowe<\/a><br>\n29. <a href=\"http:\/\/mapaobrzedowa.pl\/mapa\/?s=Niedziela palmowa\">Niedziela palmowa<\/a><br>\n30. <a href=\"http:\/\/mapaobrzedowa.pl\/mapa\/?s=Obmywanie n\u00f3g\">Obmywanie n\u00f3g<\/a><br>\n31. <a href=\"http:\/\/mapaobrzedowa.pl\/mapa\/?s=Odpust\">Odpust<\/a><br>\n32. <a href=\"http:\/\/mapaobrzedowa.pl\/mapa\/?s=Orszak Trzech Kr\u00f3li\">Orszak Trzech Kr\u00f3li<\/a><br>\n33. <a href=\"http:\/\/mapaobrzedowa.pl\/mapa\/?s=Palenie ogniska\">Palenie ogniska<\/a><br>\n34. <a href=\"http:\/\/mapaobrzedowa.pl\/mapa\/?s=Palenie \u017curu\">Palenie \u017curu<\/a><br>\n35. <a href=\"http:\/\/mapaobrzedowa.pl\/mapa\/?s=Pastuszki\">Pastuszki<\/a><br>\n36. <a href=\"http:\/\/mapaobrzedowa.pl\/mapa\/?s=Pielgrzymka \u015blubowana\">Pielgrzymka \u015blubowana<\/a><br>\n37. <a href=\"http:\/\/mapaobrzedowa.pl\/mapa\/?s=Poch\u00f3d z Judoszem i palenie Judasza\">Poch\u00f3d z Judoszem i palenie Judasza<\/a><br>\n38. <a href=\"http:\/\/mapaobrzedowa.pl\/mapa\/?s=Pogrzeb basa\">Pogrzeb basa<\/a><br>\n39. <a href=\"http:\/\/mapaobrzedowa.pl\/mapa\/?s=Po\u0142azowani\">Po\u0142azowani<\/a><br>\n40. <a href=\"http:\/\/mapaobrzedowa.pl\/mapa\/?s=Procesja i Pielgrzymka M\u0119\u017cczyzn\">Procesja i Pielgrzymka M\u0119\u017cczyzn<\/a><br>\n41. <a href=\"http:\/\/mapaobrzedowa.pl\/mapa\/?s=Procesja Kobiet\">Procesja Kobiet<\/a><br>\n42. <a href=\"http:\/\/mapaobrzedowa.pl\/mapa\/?s=Procesja pacholcza\">Procesja pacholcza<\/a><br>\n43. <a href=\"http:\/\/mapaobrzedowa.pl\/mapa\/?s=Procesja z figur\u0105 Matki Boskiej Loreta\u0144skiej\">Procesja z figur\u0105 Matki Boskiej Loreta\u0144skiej<\/a><br>\n44. <a href=\"http:\/\/mapaobrzedowa.pl\/mapa\/?s=Redyk jesienny\">Redyk jesienny<\/a><br>\n45. <a href=\"http:\/\/mapaobrzedowa.pl\/mapa\/?s=Redyk wiosenny\">Redyk wiosenny<\/a><br>\n46. <a href=\"http:\/\/mapaobrzedowa.pl\/mapa\/?s=Roraty\">Roraty<\/a><br>\n47. <a href=\"http:\/\/mapaobrzedowa.pl\/mapa\/?s=Rosenmontag\">Rosenmontag<\/a><br>\n48. <a href=\"http:\/\/mapaobrzedowa.pl\/mapa\/?s=Serca w polu\">Serca w polu<\/a><br>\n49. <a href=\"http:\/\/mapaobrzedowa.pl\/mapa\/?s=Stawianie moja\">Stawianie moja<\/a><br>\n50. <a href=\"http:\/\/mapaobrzedowa.pl\/mapa\/?s=Stra\u017ce grobowe\">Stra\u017ce grobowe<\/a><br>\n51. <a href=\"http:\/\/mapaobrzedowa.pl\/mapa\/?s=Szkubaczki\">Szkubaczki<\/a><br>\n52. <a href=\"http:\/\/mapaobrzedowa.pl\/mapa\/?s=\u015aroda \u017curowa\">\u015aroda \u017curowa<\/a><br>\n53. <a href=\"http:\/\/mapaobrzedowa.pl\/mapa\/?s=\u015aw. Agata\">\u015aw. Agata<\/a><br>\n54. <a href=\"http:\/\/mapaobrzedowa.pl\/mapa\/?s=\u015aw. Barbara\">\u015aw. Barbara<\/a><br>\n55. <a href=\"http:\/\/mapaobrzedowa.pl\/mapa\/?s=\u015aw. B\u0142a\u017cej\">\u015aw. B\u0142a\u017cej<\/a><br>\n56. <a href=\"http:\/\/mapaobrzedowa.pl\/mapa\/?s=\u015aw. Florian\">\u015aw. Florian<\/a><br>\n57. <a href=\"http:\/\/mapaobrzedowa.pl\/mapa\/?s=\u015aw. Hubert\">\u015aw. Hubert<\/a><br>\n58. <a href=\"http:\/\/mapaobrzedowa.pl\/mapa\/?s=\u015aw. Krzysztof\">\u015aw. Krzysztof<\/a><br>\n59. <a href=\"http:\/\/mapaobrzedowa.pl\/mapa\/?s=\u015aw. \u0141ucja\">\u015aw. \u0141ucja<\/a><br>\n60. <a href=\"http:\/\/mapaobrzedowa.pl\/mapa\/?s=\u015aw. Marcin\">\u015aw. Marcin<\/a><br>\n61. <a href=\"http:\/\/mapaobrzedowa.pl\/mapa\/?s=\u015aw. Marek\">\u015aw. Marek<\/a><br>\n62. <a href=\"http:\/\/mapaobrzedowa.pl\/mapa\/?s=\u015aw. Miko\u0142aj\">\u015aw. Miko\u0142aj<\/a><br>\n63. <a href=\"http:\/\/mapaobrzedowa.pl\/mapa\/?s=\u015aw. Roch\">\u015aw. Roch<\/a><br>\n64. <a href=\"http:\/\/mapaobrzedowa.pl\/mapa\/?s=\u015aw. Urban\">\u015aw. Urban<\/a><br>\n65. <a href=\"http:\/\/mapaobrzedowa.pl\/mapa\/?s=\u015aw. Walenty\">\u015aw. Walenty<\/a><br>\n66. <a href=\"http:\/\/mapaobrzedowa.pl\/mapa\/?s=\u015aw. Wawrzyniec\">\u015aw. Wawrzyniec<\/a><br>\n67. <a href=\"http:\/\/mapaobrzedowa.pl\/mapa\/?s=\u015awi\u0119cenie pokarm\u00f3w\">\u015awi\u0119cenie pokarm\u00f3w<\/a><br>\n68. <a href=\"http\/\/mapaobrzedowa.pl\/mapa\/?s=\u015awi\u0119to M\u0142odziank\u00f3w\">\u015awi\u0119to M\u0142odziank\u00f3w<\/a><br>\n69. <a href=\"http:\/\/mapaobrzedowa.pl\/mapa\/?s=\u015awi\u0119to ogniowe\">\u015awi\u0119to ogniowe<\/a><br>\n70. <a href=\"http:\/\/mapaobrzedowa.pl\/mapa\/?s=W\u0119druj\u0105cy obraz\">W\u0119druj\u0105cy obraz<\/a><br>\n71. <a href=\"http:\/\/mapaobrzedowa.pl\/mapa\/?s=Wielkanocna procesja konna\">Wielkanocna procesja konna<\/a><br>\n72. <a href=\"http:\/\/mapaobrzedowa.pl\/mapa\/?s=Wielkanocna procesja piesza\">Wielkanocna procesja piesza<\/a><br>\n73. <a href=\"http:\/\/mapaobrzedowa.pl\/mapa\/?s=Wielkopi\u0105tkowe obmywanie\">Wielkopi\u0105tkowe obmywanie<\/a><br>\n74. <a href=\"http:\/\/mapaobrzedowa.pl\/mapa\/?s=Wodzenie nied\u017awiedzia\">Wodzenie nied\u017awiedzia<\/a><br>\n75. <a href=\"http:\/\/mapaobrzedowa.pl\/mapa\/?s=Wygrywki\">Wygrywki<\/a><br>\n76. <a href=\"http:\/\/mapaobrzedowa.pl\/mapa\/?s=Zaduszki\">Zaduszki<\/a><br>\n77. <a href=\"http:\/\/mapaobrzedowa.pl\/mapa\/?s=Za\u015bni\u0119cie matki boskiej\">Za\u015bni\u0119cie matki boskiej<\/a><br>\n78. <a href=\"http:\/\/mapaobrzedowa.pl\/mapa\/?s=Zielone \u015bwi\u0105tki\">Zielone \u015bwi\u0105tki<\/a><br>\n\t\t<\/div>\n\t\t\t\t<\/div>\n\t\t\t\t\t\t<\/div>\n\t\t\t\t\t<\/div>\n\t\t<\/div>\n\t\t\t\t\t\t\t\t<\/div>\n\t\t\t\t\t<\/div>\n\t\t<\/section>\n\t\t\t\t\t\t\t\t\t<\/div>\n\t\t\t<\/div>\n\t\t\t\t\t<\/div>\n\t\t","protected":false},"excerpt":{"rendered":"<p>1. Babski comber 2. Betlyjki 3. Bo\u017ce Cia\u0142o 4. Chodzenie z koz\u0142em 5. Darcie pierza 6. Dni Krzy\u017cowe 7. Do\u017cynki 8. Droga krzy\u017cowa i misteria m\u0119ki pa\u0144skiej 9. Dziady noworoczne 10. Emaus 11. Fakle 12. Golenie brody 13. Halloween 14. Herody, kol\u0119dnicy misyjni i przegl\u0105dy kol\u0119dnicze 15. Jarmark adwentowy 16. J\u00f3zefek 17. Klekotki, ko\u0142atki, tragaczyki [&hellip;]<\/p>\n","protected":false},"author":1,"featured_media":0,"parent":0,"menu_order":0,"comment_status":"closed","ping_status":"closed","template":"","meta":[],"yoast_head":"<!-- This site is optimized with the Yoast SEO plugin v18.4.1 - https:\/\/yoast.com\/wordpress\/plugins\/seo\/ -->\n<title>Lista obrz\u0119d\u00f3w - Mapa Obrz\u0119dowa<\/title>\n<meta name=\"robots\" content=\"index, follow, max-snippet:-1, max-image-preview:large, max-video-preview:-1\" \/>\n<link rel=\"canonical\" href=\"https:\/\/mapaobrzedowa.pl\/mapa\/lista-obrzedow\/\" \/>\n<meta property=\"og:locale\" content=\"pl_PL\" \/>\n<meta property=\"og:type\" content=\"article\" \/>\n<meta property=\"og:title\" content=\"Lista obrz\u0119d\u00f3w - Mapa Obrz\u0119dowa\" \/>\n<meta property=\"og:description\" content=\"1. Babski comber 2. Betlyjki 3. Bo\u017ce Cia\u0142o 4. Chodzenie z koz\u0142em 5. Darcie pierza 6. Dni Krzy\u017cowe 7. Do\u017cynki 8. Droga krzy\u017cowa i misteria m\u0119ki pa\u0144skiej 9. Dziady noworoczne 10. Emaus 11. Fakle 12. Golenie brody 13. Halloween 14. Herody, kol\u0119dnicy misyjni i przegl\u0105dy kol\u0119dnicze 15. Jarmark adwentowy 16. J\u00f3zefek 17. Klekotki, ko\u0142atki, tragaczyki [&hellip;]\" \/>\n<meta property=\"og:url\" content=\"https:\/\/mapaobrzedowa.pl\/mapa\/lista-obrzedow\/\" \/>\n<meta property=\"og:site_name\" content=\"Mapa Obrz\u0119dowa\" \/>\n<meta property=\"article:modified_time\" content=\"2022-03-23T07:39:13+00:00\" \/>\n<meta property=\"og:image\" content=\"https:\/\/mapaobrzedowa.pl\/mapa\/wp-content\/uploads\/2018\/08\/mogs_logo-02.png\" \/>\n\t<meta property=\"og:image:width\" content=\"876\" \/>\n\t<meta property=\"og:image:height\" content=\"386\" \/>\n\t<meta property=\"og:image:type\" content=\"image\/png\" \/>\n<meta name=\"twitter:card\" content=\"summary_large_image\" \/>\n<meta name=\"twitter:label1\" content=\"Szacowany czas czytania\" \/>\n\t<meta name=\"twitter:data1\" content=\"2 minuty\" \/>\n<script type=\"application\/ld+json\" class=\"yoast-schema-graph\">{\"@context\":\"https:\/\/schema.org\",\"@graph\":[{\"@type\":\"WebSite\",\"@id\":\"http:\/\/mapaobrzedowa.pl\/mapa\/#website\",\"url\":\"http:\/\/mapaobrzedowa.pl\/mapa\/\",\"name\":\"Mapa Obrz\u0119dowa\",\"description\":\"\",\"potentialAction\":[{\"@type\":\"SearchAction\",\"target\":{\"@type\":\"EntryPoint\",\"urlTemplate\":\"http:\/\/mapaobrzedowa.pl\/mapa\/?s={search_term_string}\"},\"query-input\":\"required name=search_term_string\"}],\"inLanguage\":\"pl-PL\"},{\"@type\":\"WebPage\",\"@id\":\"https:\/\/mapaobrzedowa.pl\/mapa\/lista-obrzedow\/#webpage\",\"url\":\"https:\/\/mapaobrzedowa.pl\/mapa\/lista-obrzedow\/\",\"name\":\"Lista obrz\u0119d\u00f3w - Mapa Obrz\u0119dowa\",\"isPartOf\":{\"@id\":\"http:\/\/mapaobrzedowa.pl\/mapa\/#website\"},\"datePublished\":\"2019-02-27T16:31:04+00:00\",\"dateModified\":\"2022-03-23T07:39:13+00:00\",\"breadcrumb\":{\"@id\":\"https:\/\/mapaobrzedowa.pl\/mapa\/lista-obrzedow\/#breadcrumb\"},\"inLanguage\":\"pl-PL\",\"potentialAction\":[{\"@type\":\"ReadAction\",\"target\":[\"https:\/\/mapaobrzedowa.pl\/mapa\/lista-obrzedow\/\"]}]},{\"@type\":\"BreadcrumbList\",\"@id\":\"https:\/\/mapaobrzedowa.pl\/mapa\/lista-obrzedow\/#breadcrumb\",\"itemListElement\":[{\"@type\":\"ListItem\",\"position\":1,\"name\":\"Strona g\u0142\u00f3wna\",\"item\":\"http:\/\/mapaobrzedowa.pl\/mapa\/\"},{\"@type\":\"ListItem\",\"position\":2,\"name\":\"Lista obrz\u0119d\u00f3w\"}]}]}<\/script>\n<!-- \/ Yoast SEO plugin. -->","yoast_head_json":{"title":"Lista obrz\u0119d\u00f3w - Mapa Obrz\u0119dowa","robots":{"index":"index","follow":"follow","max-snippet":"max-snippet:-1","max-image-preview":"max-image-preview:large","max-video-preview":"max-video-preview:-1"},"canonical":"https:\/\/mapaobrzedowa.pl\/mapa\/lista-obrzedow\/","og_locale":"pl_PL","og_type":"article","og_title":"Lista obrz\u0119d\u00f3w - Mapa Obrz\u0119dowa","og_description":"1. Babski comber 2. Betlyjki 3. Bo\u017ce Cia\u0142o 4. Chodzenie z koz\u0142em 5. Darcie pierza 6. Dni Krzy\u017cowe 7. Do\u017cynki 8. Droga krzy\u017cowa i misteria m\u0119ki pa\u0144skiej 9. Dziady noworoczne 10. Emaus 11. Fakle 12. Golenie brody 13. Halloween 14. Herody, kol\u0119dnicy misyjni i przegl\u0105dy kol\u0119dnicze 15. Jarmark adwentowy 16. J\u00f3zefek 17. Klekotki, ko\u0142atki, tragaczyki [&hellip;]","og_url":"https:\/\/mapaobrzedowa.pl\/mapa\/lista-obrzedow\/","og_site_name":"Mapa Obrz\u0119dowa","article_modified_time":"2022-03-23T07:39:13+00:00","og_image":[{"width":876,"height":386,"url":"https:\/\/mapaobrzedowa.pl\/mapa\/wp-content\/uploads\/2018\/08\/mogs_logo-02.png","type":"image\/png"}],"twitter_card":"summary_large_image","twitter_misc":{"Szacowany czas czytania":"2 minuty"},"schema":{"@context":"https:\/\/schema.org","@graph":[{"@type":"WebSite","@id":"http:\/\/mapaobrzedowa.pl\/mapa\/#website","url":"http:\/\/mapaobrzedowa.pl\/mapa\/","name":"Mapa Obrz\u0119dowa","description":"","potentialAction":[{"@type":"SearchAction","target":{"@type":"EntryPoint","urlTemplate":"http:\/\/mapaobrzedowa.pl\/mapa\/?s={search_term_string}"},"query-input":"required name=search_term_string"}],"inLanguage":"pl-PL"},{"@type":"WebPage","@id":"https:\/\/mapaobrzedowa.pl\/mapa\/lista-obrzedow\/#webpage","url":"https:\/\/mapaobrzedowa.pl\/mapa\/lista-obrzedow\/","name":"Lista obrz\u0119d\u00f3w - Mapa Obrz\u0119dowa","isPartOf":{"@id":"http:\/\/mapaobrzedowa.pl\/mapa\/#website"},"datePublished":"2019-02-27T16:31:04+00:00","dateModified":"2022-03-23T07:39:13+00:00","breadcrumb":{"@id":"https:\/\/mapaobrzedowa.pl\/mapa\/lista-obrzedow\/#breadcrumb"},"inLanguage":"pl-PL","potentialAction":[{"@type":"ReadAction","target":["https:\/\/mapaobrzedowa.pl\/mapa\/lista-obrzedow\/"]}]},{"@type":"BreadcrumbList","@id":"https:\/\/mapaobrzedowa.pl\/mapa\/lista-obrzedow\/#breadcrumb","itemListElement":[{"@type":"ListItem","position":1,"name":"Strona g\u0142\u00f3wna","item":"http:\/\/mapaobrzedowa.pl\/mapa\/"},{"@type":"ListItem","position":2,"name":"Lista obrz\u0119d\u00f3w"}]}]}},"acf":[],"_links":{"self":[{"href":"https:\/\/mapaobrzedowa.pl\/mapa\/wp-json\/wp\/v2\/pages\/5963"}],"collection":[{"href":"https:\/\/mapaobrzedowa.pl\/mapa\/wp-json\/wp\/v2\/pages"}],"about":[{"href":"https:\/\/mapaobrzedowa.pl\/mapa\/wp-json\/wp\/v2\/types\/page"}],"author":[{"embeddable":true,"href":"https:\/\/mapaobrzedowa.pl\/mapa\/wp-json\/wp\/v2\/users\/1"}],"replies":[{"embeddable":true,"href":"https:\/\/mapaobrzedowa.pl\/mapa\/wp-json\/wp\/v2\/comments?post=5963"}],"version-history":[{"count":26,"href":"https:\/\/mapaobrzedowa.pl\/mapa\/wp-json\/wp\/v2\/pages\/5963\/revisions"}],"predecessor-version":[{"id":7413,"href":"https:\/\/mapaobrzedowa.pl\/mapa\/wp-json\/wp\/v2\/pages\/5963\/revisions\/7413"}],"wp:attachment":[{"href":"https:\/\/mapaobrzedowa.pl\/mapa\/wp-json\/wp\/v2\/media?parent=5963"}],"curies":[{"name":"wp","href":"https:\/\/api.w.org\/{rel}","templated":true}]}}