{"id":3341,"date":"2018-10-12T11:43:25","date_gmt":"2018-10-12T09:43:25","guid":{"rendered":"http:\/\/mapaobrzedowa.pl\/mapa\/?page_id=3341"},"modified":"2025-03-18T13:01:06","modified_gmt":"2025-03-18T12:01:06","slug":"tworz-mape","status":"publish","type":"page","link":"https:\/\/mapaobrzedowa.pl\/mapa\/tworz-mape\/","title":{"rendered":"Tw\u00f3rz map\u0119"},"content":{"rendered":"<p><!-- VideographyWP Plugin Message: Automatic video embedding prevented by plugin options. --><br \/>\nTw\u00f3rz najwi\u0119ksz\u0105 interaktywn\u0105 Map\u0119 Obrz\u0119dow\u0105 G\u00f3rnego \u015al\u0105ska razem z nami!<br \/>\nJe\u015bli jeste\u015b w posiadaniu archiwalnych lub aktualnych fotografii lub materia\u0142\u00f3w wideo, kt\u00f3re mog\u0105 uzupe\u0142ni\u0107 Map\u0119 \u2013 zach\u0119camy do kontaktu.<br \/>\nCh\u0119tnie r\u00f3wnie\u017c porozmawiamy o obrz\u0119dach \u2013 ka\u017cda informacja mo\u017ce by\u0107 warto\u015bciowa.<\/p>\n<p>Kontakt:<br \/>\nAleksander Lysko<br \/>\n<a href=\"mailto:alysko@rik.katowice.pl\">a.lysko@instytutkorfantego.pl<\/a><br \/>\n32\u00a0201 77 70<\/p>\n<p>Regionalny Instytut Kultury im. Wojciecha Korfantego<br \/>\nul. Teatralna 4<br \/>\n40-003 Katowice<\/p>\n<p>&nbsp;<\/p>\n","protected":false},"excerpt":{"rendered":"<p>Tw\u00f3rz najwi\u0119ksz\u0105 interaktywn\u0105 Map\u0119 Obrz\u0119dow\u0105 G\u00f3rnego \u015al\u0105ska razem z nami! Je\u015bli jeste\u015b w posiadaniu archiwalnych lub aktualnych fotografii lub materia\u0142\u00f3w wideo, kt\u00f3re mog\u0105 uzupe\u0142ni\u0107 Map\u0119 \u2013 zach\u0119camy do kontaktu. Ch\u0119tnie r\u00f3wnie\u017c porozmawiamy o obrz\u0119dach \u2013 ka\u017cda informacja mo\u017ce by\u0107 warto\u015bciowa. Kontakt: Aleksander Lysko a.lysko@instytutkorfantego.pl 32\u00a0201 77 70 Regionalny Instytut Kultury im. Wojciecha Korfantego ul. Teatralna [&hellip;]<\/p>\n","protected":false},"author":1,"featured_media":0,"parent":0,"menu_order":0,"comment_status":"closed","ping_status":"closed","template":"","meta":[],"yoast_head":"<!-- This site is optimized with the Yoast SEO plugin v18.4.1 - https:\/\/yoast.com\/wordpress\/plugins\/seo\/ -->\n<title>Tw\u00f3rz map\u0119 - Mapa Obrz\u0119dowa<\/title>\n<meta name=\"robots\" content=\"index, follow, max-snippet:-1, max-image-preview:large, max-video-preview:-1\" \/>\n<link rel=\"canonical\" href=\"https:\/\/mapaobrzedowa.pl\/mapa\/tworz-mape\/\" \/>\n<meta property=\"og:locale\" content=\"pl_PL\" \/>\n<meta property=\"og:type\" content=\"article\" \/>\n<meta property=\"og:title\" content=\"Tw\u00f3rz map\u0119 - Mapa Obrz\u0119dowa\" \/>\n<meta property=\"og:description\" content=\"Tw\u00f3rz najwi\u0119ksz\u0105 interaktywn\u0105 Map\u0119 Obrz\u0119dow\u0105 G\u00f3rnego \u015al\u0105ska razem z nami! Je\u015bli jeste\u015b w posiadaniu archiwalnych lub aktualnych fotografii lub materia\u0142\u00f3w wideo, kt\u00f3re mog\u0105 uzupe\u0142ni\u0107 Map\u0119 \u2013 zach\u0119camy do kontaktu. Ch\u0119tnie r\u00f3wnie\u017c porozmawiamy o obrz\u0119dach \u2013 ka\u017cda informacja mo\u017ce by\u0107 warto\u015bciowa. Kontakt: Aleksander Lysko a.lysko@instytutkorfantego.pl 32\u00a0201 77 70 Regionalny Instytut Kultury im. Wojciecha Korfantego ul. Teatralna [&hellip;]\" \/>\n<meta property=\"og:url\" content=\"https:\/\/mapaobrzedowa.pl\/mapa\/tworz-mape\/\" \/>\n<meta property=\"og:site_name\" content=\"Mapa Obrz\u0119dowa\" \/>\n<meta property=\"article:modified_time\" content=\"2025-03-18T12:01:06+00:00\" \/>\n<meta property=\"og:image\" content=\"https:\/\/mapaobrzedowa.pl\/mapa\/wp-content\/uploads\/2018\/08\/mogs_logo-02.png\" \/>\n\t<meta property=\"og:image:width\" content=\"876\" \/>\n\t<meta property=\"og:image:height\" content=\"386\" \/>\n\t<meta property=\"og:image:type\" content=\"image\/png\" \/>\n<meta name=\"twitter:card\" content=\"summary_large_image\" \/>\n<script type=\"application\/ld+json\" class=\"yoast-schema-graph\">{\"@context\":\"https:\/\/schema.org\",\"@graph\":[{\"@type\":\"WebSite\",\"@id\":\"http:\/\/mapaobrzedowa.pl\/mapa\/#website\",\"url\":\"http:\/\/mapaobrzedowa.pl\/mapa\/\",\"name\":\"Mapa Obrz\u0119dowa\",\"description\":\"\",\"potentialAction\":[{\"@type\":\"SearchAction\",\"target\":{\"@type\":\"EntryPoint\",\"urlTemplate\":\"http:\/\/mapaobrzedowa.pl\/mapa\/?s={search_term_string}\"},\"query-input\":\"required name=search_term_string\"}],\"inLanguage\":\"pl-PL\"},{\"@type\":\"WebPage\",\"@id\":\"https:\/\/mapaobrzedowa.pl\/mapa\/tworz-mape\/#webpage\",\"url\":\"https:\/\/mapaobrzedowa.pl\/mapa\/tworz-mape\/\",\"name\":\"Tw\u00f3rz map\u0119 - Mapa Obrz\u0119dowa\",\"isPartOf\":{\"@id\":\"http:\/\/mapaobrzedowa.pl\/mapa\/#website\"},\"datePublished\":\"2018-10-12T09:43:25+00:00\",\"dateModified\":\"2025-03-18T12:01:06+00:00\",\"breadcrumb\":{\"@id\":\"https:\/\/mapaobrzedowa.pl\/mapa\/tworz-mape\/#breadcrumb\"},\"inLanguage\":\"pl-PL\",\"potentialAction\":[{\"@type\":\"ReadAction\",\"target\":[\"https:\/\/mapaobrzedowa.pl\/mapa\/tworz-mape\/\"]}]},{\"@type\":\"BreadcrumbList\",\"@id\":\"https:\/\/mapaobrzedowa.pl\/mapa\/tworz-mape\/#breadcrumb\",\"itemListElement\":[{\"@type\":\"ListItem\",\"position\":1,\"name\":\"Strona g\u0142\u00f3wna\",\"item\":\"http:\/\/mapaobrzedowa.pl\/mapa\/\"},{\"@type\":\"ListItem\",\"position\":2,\"name\":\"Tw\u00f3rz map\u0119\"}]}]}<\/script>\n<!-- \/ Yoast SEO plugin. -->","yoast_head_json":{"title":"Tw\u00f3rz map\u0119 - Mapa Obrz\u0119dowa","robots":{"index":"index","follow":"follow","max-snippet":"max-snippet:-1","max-image-preview":"max-image-preview:large","max-video-preview":"max-video-preview:-1"},"canonical":"https:\/\/mapaobrzedowa.pl\/mapa\/tworz-mape\/","og_locale":"pl_PL","og_type":"article","og_title":"Tw\u00f3rz map\u0119 - Mapa Obrz\u0119dowa","og_description":"Tw\u00f3rz najwi\u0119ksz\u0105 interaktywn\u0105 Map\u0119 Obrz\u0119dow\u0105 G\u00f3rnego \u015al\u0105ska razem z nami! Je\u015bli jeste\u015b w posiadaniu archiwalnych lub aktualnych fotografii lub materia\u0142\u00f3w wideo, kt\u00f3re mog\u0105 uzupe\u0142ni\u0107 Map\u0119 \u2013 zach\u0119camy do kontaktu. Ch\u0119tnie r\u00f3wnie\u017c porozmawiamy o obrz\u0119dach \u2013 ka\u017cda informacja mo\u017ce by\u0107 warto\u015bciowa. Kontakt: Aleksander Lysko a.lysko@instytutkorfantego.pl 32\u00a0201 77 70 Regionalny Instytut Kultury im. Wojciecha Korfantego ul. Teatralna [&hellip;]","og_url":"https:\/\/mapaobrzedowa.pl\/mapa\/tworz-mape\/","og_site_name":"Mapa Obrz\u0119dowa","article_modified_time":"2025-03-18T12:01:06+00:00","og_image":[{"width":876,"height":386,"url":"https:\/\/mapaobrzedowa.pl\/mapa\/wp-content\/uploads\/2018\/08\/mogs_logo-02.png","type":"image\/png"}],"twitter_card":"summary_large_image","schema":{"@context":"https:\/\/schema.org","@graph":[{"@type":"WebSite","@id":"http:\/\/mapaobrzedowa.pl\/mapa\/#website","url":"http:\/\/mapaobrzedowa.pl\/mapa\/","name":"Mapa Obrz\u0119dowa","description":"","potentialAction":[{"@type":"SearchAction","target":{"@type":"EntryPoint","urlTemplate":"http:\/\/mapaobrzedowa.pl\/mapa\/?s={search_term_string}"},"query-input":"required name=search_term_string"}],"inLanguage":"pl-PL"},{"@type":"WebPage","@id":"https:\/\/mapaobrzedowa.pl\/mapa\/tworz-mape\/#webpage","url":"https:\/\/mapaobrzedowa.pl\/mapa\/tworz-mape\/","name":"Tw\u00f3rz map\u0119 - Mapa Obrz\u0119dowa","isPartOf":{"@id":"http:\/\/mapaobrzedowa.pl\/mapa\/#website"},"datePublished":"2018-10-12T09:43:25+00:00","dateModified":"2025-03-18T12:01:06+00:00","breadcrumb":{"@id":"https:\/\/mapaobrzedowa.pl\/mapa\/tworz-mape\/#breadcrumb"},"inLanguage":"pl-PL","potentialAction":[{"@type":"ReadAction","target":["https:\/\/mapaobrzedowa.pl\/mapa\/tworz-mape\/"]}]},{"@type":"BreadcrumbList","@id":"https:\/\/mapaobrzedowa.pl\/mapa\/tworz-mape\/#breadcrumb","itemListElement":[{"@type":"ListItem","position":1,"name":"Strona g\u0142\u00f3wna","item":"http:\/\/mapaobrzedowa.pl\/mapa\/"},{"@type":"ListItem","position":2,"name":"Tw\u00f3rz map\u0119"}]}]}},"acf":[],"_links":{"self":[{"href":"https:\/\/mapaobrzedowa.pl\/mapa\/wp-json\/wp\/v2\/pages\/3341"}],"collection":[{"href":"https:\/\/mapaobrzedowa.pl\/mapa\/wp-json\/wp\/v2\/pages"}],"about":[{"href":"https:\/\/mapaobrzedowa.pl\/mapa\/wp-json\/wp\/v2\/types\/page"}],"author":[{"embeddable":true,"href":"https:\/\/mapaobrzedowa.pl\/mapa\/wp-json\/wp\/v2\/users\/1"}],"replies":[{"embeddable":true,"href":"https:\/\/mapaobrzedowa.pl\/mapa\/wp-json\/wp\/v2\/comments?post=3341"}],"version-history":[{"count":5,"href":"https:\/\/mapaobrzedowa.pl\/mapa\/wp-json\/wp\/v2\/pages\/3341\/revisions"}],"predecessor-version":[{"id":7440,"href":"https:\/\/mapaobrzedowa.pl\/mapa\/wp-json\/wp\/v2\/pages\/3341\/revisions\/7440"}],"wp:attachment":[{"href":"https:\/\/mapaobrzedowa.pl\/mapa\/wp-json\/wp\/v2\/media?parent=3341"}],"curies":[{"name":"wp","href":"https:\/\/api.w.org\/{rel}","templated":true}]}}