{"id":120,"date":"2018-08-14T13:48:27","date_gmt":"2018-08-14T11:48:27","guid":{"rendered":"http:\/\/mapaobrzedowa.pl\/mapa\/?page_id=120"},"modified":"2025-03-28T11:48:01","modified_gmt":"2025-03-28T10:48:01","slug":"kontakt","status":"publish","type":"page","link":"http:\/\/mapaobrzedowa.pl\/mapa\/kontakt\/","title":{"rendered":"Kontakt"},"content":{"rendered":"\t\t<div data-elementor-type=\"wp-post\" data-elementor-id=\"120\" class=\"elementor elementor-120\">\n\t\t\t\t\t\t<div class=\"elementor-inner\">\n\t\t\t\t<div class=\"elementor-section-wrap\">\n\t\t\t\t\t\t\t\t\t<section class=\"elementor-section elementor-top-section elementor-element elementor-element-e04e78e elementor-section-boxed elementor-section-height-default elementor-section-height-default\" data-id=\"e04e78e\" data-element_type=\"section\">\n\t\t\t\t\t\t<div class=\"elementor-container elementor-column-gap-default\">\n\t\t\t\t\t\t\t<div class=\"elementor-row\">\n\t\t\t\t\t<div class=\"elementor-column elementor-col-50 elementor-top-column elementor-element elementor-element-8cccc9a\" data-id=\"8cccc9a\" data-element_type=\"column\">\n\t\t\t<div class=\"elementor-column-wrap elementor-element-populated\">\n\t\t\t\t\t\t\t<div class=\"elementor-widget-wrap\">\n\t\t\t\t\t\t<div class=\"elementor-element elementor-element-8604b09 elementor-widget elementor-widget-text-editor\" data-id=\"8604b09\" data-element_type=\"widget\" data-widget_type=\"text-editor.default\">\n\t\t\t\t<div class=\"elementor-widget-container\">\n\t\t\t\t\t\t\t\t<div class=\"elementor-text-editor elementor-clearfix\">\n\t\t\t\t<p>Projekt Mapa Obrz\u0119dowa G\u00f3rnego \u015al\u0105ska realizowany jest przez Regionalny Instytut Kultury im. Wojciecha Korfantego<\/p><p>Je\u017celi masz jakie\u015b pytania skontaktuj si\u0119 z nami:<br \/>Aleksander Lysko<br \/><a href=\"mailto:alysko@rik.katowice.pl\" target=\"_blank\" rel=\"noopener\">a.lysko@instytutkorfantego.pl<\/a><br \/>32 201 77 70<\/p><p>Regionalny Instytut Kultury\u00a0<br \/>im. Wojciecha Korfantego<br \/>ul. Teatralna 4<br \/>40-003 Katowice<\/p><p>\u00a0<\/p><h1><b><span style=\"font-size: 14.0pt; line-height: 107%; font-family: 'Arial',sans-serif; color: windowtext;\">Informacja o stronie Mapa Obrz\u0119dowa \u2013 tekst \u0142atwy do czytania (ETR)<\/span><\/b><\/h1><p>mapaobrzedowa.pl jest stron\u0105 internetow\u0105 Instytutu <br \/>im. Wojciecha Korfantego, na kt\u00f3rej zaprezentowane <br \/>s\u0105 g\u00f3rno\u015bl\u0105skie zwyczaje doroczne.<\/p><p>Ka\u017cdy zwyczaj przypisany do konkretnej miejscowo\u015bci zaprezentowany jest w formie tekstowej oraz fotograficznej, a niekt\u00f3re r\u00f3wnie\u017c w postaci kr\u00f3tkiego materia\u0142u video.<\/p>\t\t\t\t\t<\/div>\n\t\t\t\t\t\t<\/div>\n\t\t\t\t<\/div>\n\t\t\t\t\t\t<\/div>\n\t\t\t\t\t<\/div>\n\t\t<\/div>\n\t\t\t\t<div class=\"elementor-column elementor-col-50 elementor-top-column elementor-element elementor-element-53586d8\" data-id=\"53586d8\" data-element_type=\"column\">\n\t\t\t<div class=\"elementor-column-wrap elementor-element-populated\">\n\t\t\t\t\t\t\t<div class=\"elementor-widget-wrap\">\n\t\t\t\t\t\t<div class=\"elementor-element elementor-element-30e1ff6 elementor-widget elementor-widget-text-editor\" data-id=\"30e1ff6\" data-element_type=\"widget\" data-widget_type=\"text-editor.default\">\n\t\t\t\t<div class=\"elementor-widget-container\">\n\t\t\t\t\t\t\t\t<div class=\"elementor-text-editor elementor-clearfix\">\n\t\t\t\t<p>Zobacz profil projektu na Facebooku:<\/p>\t\t\t\t\t<\/div>\n\t\t\t\t\t\t<\/div>\n\t\t\t\t<\/div>\n\t\t\t\t<div class=\"elementor-element elementor-element-2ae777c elementor-shape-rounded elementor-grid-0 e-grid-align-center elementor-widget elementor-widget-social-icons\" data-id=\"2ae777c\" data-element_type=\"widget\" data-widget_type=\"social-icons.default\">\n\t\t\t\t<div class=\"elementor-widget-container\">\n\t\t\t\t\t<div class=\"elementor-social-icons-wrapper elementor-grid\">\n\t\t\t\t\t\t\t<span class=\"elementor-grid-item\">\n\t\t\t\t\t<a class=\"elementor-icon elementor-social-icon elementor-social-icon-facebook elementor-repeater-item-d7cfd69\" href=\"https:\/\/www.facebook.com\/Mapa-Obrz%C4%99dowa-G%C3%B3rnego-%C5%9Al%C4%85ska-1861445034179841\/\" target=\"_blank\">\n\t\t\t\t\t\t<span class=\"elementor-screen-only\">Facebook<\/span>\n\t\t\t\t\t\t\t\t\t\t\t\t\t<i class=\"fa fa-facebook\"><\/i>\n\t\t\t\t\t\t\t\t\t\t\t<\/a>\n\t\t\t\t<\/span>\n\t\t\t\t\t<\/div>\n\t\t\t\t<\/div>\n\t\t\t\t<\/div>\n\t\t\t\t<div class=\"elementor-element elementor-element-b3f4e7f elementor-widget elementor-widget-text-editor\" data-id=\"b3f4e7f\" data-element_type=\"widget\" data-widget_type=\"text-editor.default\">\n\t\t\t\t<div class=\"elementor-widget-container\">\n\t\t\t\t\t\t\t\t<div class=\"elementor-text-editor elementor-clearfix\">\n\t\t\t\t<p>Partner strategiczny:<a href=\"http:\/\/muzeumslaskie.pl\/\" target=\"_blank\" rel=\"noopener\"><img loading=\"lazy\" class=\"wp-image-4220  aligncenter\" src=\"http:\/\/mapaobrzedowa.pl\/mapa\/wp-content\/uploads\/2018\/08\/MS_logo_uzupelniajace_wariant2_kolor2-1-236x300.png\" alt=\"\" width=\"131\" height=\"166\" srcset=\"http:\/\/mapaobrzedowa.pl\/mapa\/wp-content\/uploads\/2018\/08\/MS_logo_uzupelniajace_wariant2_kolor2-1-236x300.png 236w, http:\/\/mapaobrzedowa.pl\/mapa\/wp-content\/uploads\/2018\/08\/MS_logo_uzupelniajace_wariant2_kolor2-1-768x977.png 768w, http:\/\/mapaobrzedowa.pl\/mapa\/wp-content\/uploads\/2018\/08\/MS_logo_uzupelniajace_wariant2_kolor2-1.png 781w\" sizes=\"(max-width: 131px) 100vw, 131px\" \/><\/a><\/p>\t\t\t\t\t<\/div>\n\t\t\t\t\t\t<\/div>\n\t\t\t\t<\/div>\n\t\t\t\t\t\t<\/div>\n\t\t\t\t\t<\/div>\n\t\t<\/div>\n\t\t\t\t\t\t\t\t<\/div>\n\t\t\t\t\t<\/div>\n\t\t<\/section>\n\t\t\t\t\t\t\t\t\t<\/div>\n\t\t\t<\/div>\n\t\t\t\t\t<\/div>\n\t\t","protected":false},"excerpt":{"rendered":"<p>Projekt Mapa Obrz\u0119dowa G\u00f3rnego \u015al\u0105ska realizowany jest przez Regionalny Instytut Kultury im. Wojciecha Korfantego Je\u017celi masz jakie\u015b pytania skontaktuj si\u0119 z nami:Aleksander Lyskoa.lysko@instytutkorfantego.pl32 201 77 70 Regionalny Instytut Kultury\u00a0im. Wojciecha Korfantegoul. Teatralna 440-003 Katowice \u00a0 Informacja o stronie Mapa Obrz\u0119dowa \u2013 tekst \u0142atwy do czytania (ETR) mapaobrzedowa.pl jest stron\u0105 internetow\u0105 Instytutu im. Wojciecha Korfantego, na [&hellip;]<\/p>\n","protected":false},"author":1,"featured_media":0,"parent":0,"menu_order":0,"comment_status":"closed","ping_status":"closed","template":"","meta":[],"yoast_head":"<!-- This site is optimized with the Yoast SEO plugin v18.4.1 - https:\/\/yoast.com\/wordpress\/plugins\/seo\/ -->\n<title>Kontakt - Mapa Obrz\u0119dowa<\/title>\n<meta name=\"robots\" content=\"index, follow, max-snippet:-1, max-image-preview:large, max-video-preview:-1\" \/>\n<link rel=\"canonical\" href=\"https:\/\/mapaobrzedowa.pl\/mapa\/kontakt\/\" \/>\n<meta property=\"og:locale\" content=\"pl_PL\" \/>\n<meta property=\"og:type\" content=\"article\" \/>\n<meta property=\"og:title\" content=\"Kontakt - Mapa Obrz\u0119dowa\" \/>\n<meta property=\"og:description\" content=\"Projekt Mapa Obrz\u0119dowa G\u00f3rnego \u015al\u0105ska realizowany jest przez Regionalny Instytut Kultury im. Wojciecha Korfantego Je\u017celi masz jakie\u015b pytania skontaktuj si\u0119 z nami:Aleksander Lyskoa.lysko@instytutkorfantego.pl32 201 77 70 Regionalny Instytut Kultury\u00a0im. Wojciecha Korfantegoul. Teatralna 440-003 Katowice \u00a0 Informacja o stronie Mapa Obrz\u0119dowa \u2013 tekst \u0142atwy do czytania (ETR) mapaobrzedowa.pl jest stron\u0105 internetow\u0105 Instytutu im. Wojciecha Korfantego, na [&hellip;]\" \/>\n<meta property=\"og:url\" content=\"https:\/\/mapaobrzedowa.pl\/mapa\/kontakt\/\" \/>\n<meta property=\"og:site_name\" content=\"Mapa Obrz\u0119dowa\" \/>\n<meta property=\"article:modified_time\" content=\"2025-03-28T10:48:01+00:00\" \/>\n<meta property=\"og:image\" content=\"http:\/\/mapaobrzedowa.pl\/mapa\/wp-content\/uploads\/2018\/08\/MS_logo_uzupelniajace_wariant2_kolor2-1-236x300.png\" \/>\n<meta name=\"twitter:card\" content=\"summary_large_image\" \/>\n<meta name=\"twitter:label1\" content=\"Szacowany czas czytania\" \/>\n\t<meta name=\"twitter:data1\" content=\"1 minuta\" \/>\n<script type=\"application\/ld+json\" class=\"yoast-schema-graph\">{\"@context\":\"https:\/\/schema.org\",\"@graph\":[{\"@type\":\"WebSite\",\"@id\":\"https:\/\/mapaobrzedowa.pl\/mapa\/#website\",\"url\":\"https:\/\/mapaobrzedowa.pl\/mapa\/\",\"name\":\"Mapa Obrz\u0119dowa\",\"description\":\"\",\"potentialAction\":[{\"@type\":\"SearchAction\",\"target\":{\"@type\":\"EntryPoint\",\"urlTemplate\":\"https:\/\/mapaobrzedowa.pl\/mapa\/?s={search_term_string}\"},\"query-input\":\"required name=search_term_string\"}],\"inLanguage\":\"pl-PL\"},{\"@type\":\"ImageObject\",\"@id\":\"https:\/\/mapaobrzedowa.pl\/mapa\/kontakt\/#primaryimage\",\"inLanguage\":\"pl-PL\",\"url\":\"http:\/\/mapaobrzedowa.pl\/mapa\/wp-content\/uploads\/2018\/08\/MS_logo_uzupelniajace_wariant2_kolor2-1.png\",\"contentUrl\":\"http:\/\/mapaobrzedowa.pl\/mapa\/wp-content\/uploads\/2018\/08\/MS_logo_uzupelniajace_wariant2_kolor2-1.png\",\"width\":781,\"height\":994},{\"@type\":\"WebPage\",\"@id\":\"https:\/\/mapaobrzedowa.pl\/mapa\/kontakt\/#webpage\",\"url\":\"https:\/\/mapaobrzedowa.pl\/mapa\/kontakt\/\",\"name\":\"Kontakt - Mapa Obrz\u0119dowa\",\"isPartOf\":{\"@id\":\"https:\/\/mapaobrzedowa.pl\/mapa\/#website\"},\"primaryImageOfPage\":{\"@id\":\"https:\/\/mapaobrzedowa.pl\/mapa\/kontakt\/#primaryimage\"},\"datePublished\":\"2018-08-14T11:48:27+00:00\",\"dateModified\":\"2025-03-28T10:48:01+00:00\",\"breadcrumb\":{\"@id\":\"https:\/\/mapaobrzedowa.pl\/mapa\/kontakt\/#breadcrumb\"},\"inLanguage\":\"pl-PL\",\"potentialAction\":[{\"@type\":\"ReadAction\",\"target\":[\"https:\/\/mapaobrzedowa.pl\/mapa\/kontakt\/\"]}]},{\"@type\":\"BreadcrumbList\",\"@id\":\"https:\/\/mapaobrzedowa.pl\/mapa\/kontakt\/#breadcrumb\",\"itemListElement\":[{\"@type\":\"ListItem\",\"position\":1,\"name\":\"Strona g\u0142\u00f3wna\",\"item\":\"https:\/\/mapaobrzedowa.pl\/mapa\/\"},{\"@type\":\"ListItem\",\"position\":2,\"name\":\"Kontakt\"}]}]}<\/script>\n<!-- \/ Yoast SEO plugin. -->","yoast_head_json":{"title":"Kontakt - Mapa Obrz\u0119dowa","robots":{"index":"index","follow":"follow","max-snippet":"max-snippet:-1","max-image-preview":"max-image-preview:large","max-video-preview":"max-video-preview:-1"},"canonical":"https:\/\/mapaobrzedowa.pl\/mapa\/kontakt\/","og_locale":"pl_PL","og_type":"article","og_title":"Kontakt - Mapa Obrz\u0119dowa","og_description":"Projekt Mapa Obrz\u0119dowa G\u00f3rnego \u015al\u0105ska realizowany jest przez Regionalny Instytut Kultury im. Wojciecha Korfantego Je\u017celi masz jakie\u015b pytania skontaktuj si\u0119 z nami:Aleksander Lyskoa.lysko@instytutkorfantego.pl32 201 77 70 Regionalny Instytut Kultury\u00a0im. Wojciecha Korfantegoul. Teatralna 440-003 Katowice \u00a0 Informacja o stronie Mapa Obrz\u0119dowa \u2013 tekst \u0142atwy do czytania (ETR) mapaobrzedowa.pl jest stron\u0105 internetow\u0105 Instytutu im. Wojciecha Korfantego, na [&hellip;]","og_url":"https:\/\/mapaobrzedowa.pl\/mapa\/kontakt\/","og_site_name":"Mapa Obrz\u0119dowa","article_modified_time":"2025-03-28T10:48:01+00:00","og_image":[{"url":"http:\/\/mapaobrzedowa.pl\/mapa\/wp-content\/uploads\/2018\/08\/MS_logo_uzupelniajace_wariant2_kolor2-1-236x300.png"}],"twitter_card":"summary_large_image","twitter_misc":{"Szacowany czas czytania":"1 minuta"},"schema":{"@context":"https:\/\/schema.org","@graph":[{"@type":"WebSite","@id":"https:\/\/mapaobrzedowa.pl\/mapa\/#website","url":"https:\/\/mapaobrzedowa.pl\/mapa\/","name":"Mapa Obrz\u0119dowa","description":"","potentialAction":[{"@type":"SearchAction","target":{"@type":"EntryPoint","urlTemplate":"https:\/\/mapaobrzedowa.pl\/mapa\/?s={search_term_string}"},"query-input":"required name=search_term_string"}],"inLanguage":"pl-PL"},{"@type":"ImageObject","@id":"https:\/\/mapaobrzedowa.pl\/mapa\/kontakt\/#primaryimage","inLanguage":"pl-PL","url":"http:\/\/mapaobrzedowa.pl\/mapa\/wp-content\/uploads\/2018\/08\/MS_logo_uzupelniajace_wariant2_kolor2-1.png","contentUrl":"http:\/\/mapaobrzedowa.pl\/mapa\/wp-content\/uploads\/2018\/08\/MS_logo_uzupelniajace_wariant2_kolor2-1.png","width":781,"height":994},{"@type":"WebPage","@id":"https:\/\/mapaobrzedowa.pl\/mapa\/kontakt\/#webpage","url":"https:\/\/mapaobrzedowa.pl\/mapa\/kontakt\/","name":"Kontakt - Mapa Obrz\u0119dowa","isPartOf":{"@id":"https:\/\/mapaobrzedowa.pl\/mapa\/#website"},"primaryImageOfPage":{"@id":"https:\/\/mapaobrzedowa.pl\/mapa\/kontakt\/#primaryimage"},"datePublished":"2018-08-14T11:48:27+00:00","dateModified":"2025-03-28T10:48:01+00:00","breadcrumb":{"@id":"https:\/\/mapaobrzedowa.pl\/mapa\/kontakt\/#breadcrumb"},"inLanguage":"pl-PL","potentialAction":[{"@type":"ReadAction","target":["https:\/\/mapaobrzedowa.pl\/mapa\/kontakt\/"]}]},{"@type":"BreadcrumbList","@id":"https:\/\/mapaobrzedowa.pl\/mapa\/kontakt\/#breadcrumb","itemListElement":[{"@type":"ListItem","position":1,"name":"Strona g\u0142\u00f3wna","item":"https:\/\/mapaobrzedowa.pl\/mapa\/"},{"@type":"ListItem","position":2,"name":"Kontakt"}]}]}},"acf":[],"_links":{"self":[{"href":"http:\/\/mapaobrzedowa.pl\/mapa\/wp-json\/wp\/v2\/pages\/120"}],"collection":[{"href":"http:\/\/mapaobrzedowa.pl\/mapa\/wp-json\/wp\/v2\/pages"}],"about":[{"href":"http:\/\/mapaobrzedowa.pl\/mapa\/wp-json\/wp\/v2\/types\/page"}],"author":[{"embeddable":true,"href":"http:\/\/mapaobrzedowa.pl\/mapa\/wp-json\/wp\/v2\/users\/1"}],"replies":[{"embeddable":true,"href":"http:\/\/mapaobrzedowa.pl\/mapa\/wp-json\/wp\/v2\/comments?post=120"}],"version-history":[{"count":19,"href":"http:\/\/mapaobrzedowa.pl\/mapa\/wp-json\/wp\/v2\/pages\/120\/revisions"}],"predecessor-version":[{"id":7447,"href":"http:\/\/mapaobrzedowa.pl\/mapa\/wp-json\/wp\/v2\/pages\/120\/revisions\/7447"}],"wp:attachment":[{"href":"http:\/\/mapaobrzedowa.pl\/mapa\/wp-json\/wp\/v2\/media?parent=120"}],"curies":[{"name":"wp","href":"https:\/\/api.w.org\/{rel}","templated":true}]}}