{"id":116,"date":"2018-08-14T13:47:51","date_gmt":"2018-08-14T11:47:51","guid":{"rendered":"http:\/\/mapaobrzedowa.pl\/mapa\/?page_id=116"},"modified":"2023-12-21T11:07:13","modified_gmt":"2023-12-21T10:07:13","slug":"o-projekcie","status":"publish","type":"page","link":"http:\/\/mapaobrzedowa.pl\/mapa\/o-projekcie\/","title":{"rendered":"O projekcie"},"content":{"rendered":"\t\t<div data-elementor-type=\"wp-post\" data-elementor-id=\"116\" class=\"elementor elementor-116\">\n\t\t\t\t\t\t<div class=\"elementor-inner\">\n\t\t\t\t<div class=\"elementor-section-wrap\">\n\t\t\t\t\t\t\t\t\t<section class=\"elementor-section elementor-top-section elementor-element elementor-element-05c78f7 elementor-section-boxed elementor-section-height-default elementor-section-height-default\" data-id=\"05c78f7\" data-element_type=\"section\">\n\t\t\t\t\t\t<div class=\"elementor-container elementor-column-gap-default\">\n\t\t\t\t\t\t\t<div class=\"elementor-row\">\n\t\t\t\t\t<div class=\"elementor-column elementor-col-50 elementor-top-column elementor-element elementor-element-f09d732\" data-id=\"f09d732\" data-element_type=\"column\">\n\t\t\t<div class=\"elementor-column-wrap elementor-element-populated\">\n\t\t\t\t\t\t\t<div class=\"elementor-widget-wrap\">\n\t\t\t\t\t\t<div class=\"elementor-element elementor-element-27ba248 elementor-widget elementor-widget-text-editor\" data-id=\"27ba248\" data-element_type=\"widget\" data-widget_type=\"text-editor.default\">\n\t\t\t\t<div class=\"elementor-widget-container\">\n\t\t\t\t\t\t\t\t<div class=\"elementor-text-editor elementor-clearfix\">\n\t\t\t\t<p>\u201eMapa Obrz\u0119dowa G\u00f3rnego \u015al\u0105ska\u201d to dwuletnie badanie etnograficzne zrealizowane przez Regionalny Instytut Kultury im. Wojciecha Korfantego. Projekt zosta\u0142 dofinansowany przez Ministra Kultury i Dziedzictwa Narodowego. Badanie i prace dokumentacyjne prowadzone by\u0142y na terenie wojew\u00f3dztwa \u015bl\u0105skiego i opolskiego i dotyczy\u0142y \u017cywych do dzi\u015b zwyczaj\u00f3w i obrz\u0119d\u00f3w dorocznych. Celem bada\u0144 by\u0142o ukazanie skali zmian, jakie zasz\u0142y na historycznej ziemi g\u00f3rno\u015bl\u0105skiej na przestrzeni ostatnich lat oraz pokazanie motywacji przy\u015bwiecaj\u0105cej spo\u0142eczno\u015bciom piel\u0119gnuj\u0105cym lokalne tradycje.<\/p><p>W ramach projektu wykonano rozbudowan\u0105 dokumentacj\u0119 fotograficzn\u0105 po\u015bwi\u0119con\u0105 obrz\u0119dowo\u015bci g\u00f3rno\u015bl\u0105skiej. Szczeg\u00f3ln\u0105 uwag\u0119 skupiono na 5 zwyczajach: Bo\u017cym Ciele (dywanach kwietnych), procesjach agrarnych (pieszych, konnych, w intencji), Klekotaniu, Wodzeniu nied\u017awiedzia i Miko\u0142ajach. W kilkudziesi\u0119ciu wybranych miejscowo\u015bciach, w kt\u00f3rych te zwyczaje s\u0105 praktykowane przeprowadzono badania kwestionariuszowe z dawnymi i obecnymi cz\u0142onkami grup obrz\u0119dowych. W efekcie powsta\u0142a mi\u0119dzy innymi niniejsza strona internetowa, kt\u00f3ra docelowo ma si\u0119 sta\u0107 repozytorium wiedzy o obrz\u0119dowo\u015bci g\u00f3rno\u015bl\u0105skiej.<\/p><p><br \/>Projekt kontynuowany by\u0142 w 2019 roku jako Mapa Obrz\u0119dowa G\u00f3rnego \u015al\u0105ska #2. Obecnie trwa bie\u017c\u0105ce aktualizowanie tre\u015bci zawartych na mapie.<\/p><p>\u00a0<\/p><p>\u00a0<\/p>\t\t\t\t\t<\/div>\n\t\t\t\t\t\t<\/div>\n\t\t\t\t<\/div>\n\t\t\t\t\t\t<\/div>\n\t\t\t\t\t<\/div>\n\t\t<\/div>\n\t\t\t\t<div class=\"elementor-column elementor-col-50 elementor-top-column elementor-element elementor-element-9569197\" data-id=\"9569197\" data-element_type=\"column\">\n\t\t\t<div class=\"elementor-column-wrap elementor-element-populated\">\n\t\t\t\t\t\t\t<div class=\"elementor-widget-wrap\">\n\t\t\t\t\t\t<div class=\"elementor-element elementor-element-d60f3ee elementor-widget elementor-widget-image\" data-id=\"d60f3ee\" data-element_type=\"widget\" data-widget_type=\"image.default\">\n\t\t\t\t<div class=\"elementor-widget-container\">\n\t\t\t\t\t\t\t\t<div class=\"elementor-image\">\n\t\t\t\t\t\t\t\t\t\t\t\t\t<a href=\"http:\/\/mapaobrzedowa.pl\/mapa\/wp-content\/uploads\/2018\/08\/czas_niezwykly_net.pdf\">\n\t\t\t\t\t\t\t<img width=\"1024\" height=\"743\" src=\"http:\/\/mapaobrzedowa.pl\/mapa\/wp-content\/uploads\/2018\/10\/1539695774-1024x743.png\" class=\"attachment-large size-large\" alt=\"\" loading=\"lazy\" srcset=\"http:\/\/mapaobrzedowa.pl\/mapa\/wp-content\/uploads\/2018\/10\/1539695774-1024x743.png 1024w, http:\/\/mapaobrzedowa.pl\/mapa\/wp-content\/uploads\/2018\/10\/1539695774-300x218.png 300w, http:\/\/mapaobrzedowa.pl\/mapa\/wp-content\/uploads\/2018\/10\/1539695774-768x558.png 768w, http:\/\/mapaobrzedowa.pl\/mapa\/wp-content\/uploads\/2018\/10\/1539695774.png 1905w\" sizes=\"(max-width: 1024px) 100vw, 1024px\" \/>\t\t\t\t\t\t\t\t<\/a>\n\t\t\t\t\t\t\t\t\t\t\t\t\t\t<\/div>\n\t\t\t\t\t\t<\/div>\n\t\t\t\t<\/div>\n\t\t\t\t<div class=\"elementor-element elementor-element-6afaae1 elementor-widget elementor-widget-text-editor\" data-id=\"6afaae1\" data-element_type=\"widget\" data-widget_type=\"text-editor.default\">\n\t\t\t\t<div class=\"elementor-widget-container\">\n\t\t\t\t\t\t\t\t<div class=\"elementor-text-editor elementor-clearfix\">\n\t\t\t\t<p><strong><a href=\"http:\/\/mapaobrzedowa.pl\/mapa\/wp-content\/uploads\/2018\/08\/czas_niezwykly_net.pdf\">Pobierz: Czas niezwyk\u0142y. Obrz\u0119dowo\u015b\u0107 doroczna na G\u00f3rnym \u015al\u0105sku.<\/a><\/strong><\/p>\t\t\t\t\t<\/div>\n\t\t\t\t\t\t<\/div>\n\t\t\t\t<\/div>\n\t\t\t\t\t\t<\/div>\n\t\t\t\t\t<\/div>\n\t\t<\/div>\n\t\t\t\t\t\t\t\t<\/div>\n\t\t\t\t\t<\/div>\n\t\t<\/section>\n\t\t\t\t<section class=\"elementor-section elementor-top-section elementor-element elementor-element-60edb4c4 elementor-section-boxed elementor-section-height-default elementor-section-height-default\" data-id=\"60edb4c4\" data-element_type=\"section\">\n\t\t\t\t\t\t<div class=\"elementor-container elementor-column-gap-default\">\n\t\t\t\t\t\t\t<div class=\"elementor-row\">\n\t\t\t\t\t<div class=\"elementor-column elementor-col-100 elementor-top-column elementor-element elementor-element-65af2351\" data-id=\"65af2351\" data-element_type=\"column\">\n\t\t\t<div class=\"elementor-column-wrap elementor-element-populated\">\n\t\t\t\t\t\t\t<div class=\"elementor-widget-wrap\">\n\t\t\t\t\t\t<div class=\"elementor-element elementor-element-696f7d6b elementor-widget elementor-widget-text-editor\" data-id=\"696f7d6b\" data-element_type=\"widget\" data-widget_type=\"text-editor.default\">\n\t\t\t\t<div class=\"elementor-widget-container\">\n\t\t\t\t\t\t\t\t<div class=\"elementor-text-editor elementor-clearfix\">\n\t\t\t\t\t\t\t\t\t<\/div>\n\t\t\t\t\t\t<\/div>\n\t\t\t\t<\/div>\n\t\t\t\t\t\t<\/div>\n\t\t\t\t\t<\/div>\n\t\t<\/div>\n\t\t\t\t\t\t\t\t<\/div>\n\t\t\t\t\t<\/div>\n\t\t<\/section>\n\t\t\t\t\t\t\t\t\t<\/div>\n\t\t\t<\/div>\n\t\t\t\t\t<\/div>\n\t\t","protected":false},"excerpt":{"rendered":"<p>\u201eMapa Obrz\u0119dowa G\u00f3rnego \u015al\u0105ska\u201d to dwuletnie badanie etnograficzne zrealizowane przez Regionalny Instytut Kultury im. Wojciecha Korfantego. Projekt zosta\u0142 dofinansowany przez Ministra Kultury i Dziedzictwa Narodowego. Badanie i prace dokumentacyjne prowadzone by\u0142y na terenie wojew\u00f3dztwa \u015bl\u0105skiego i opolskiego i dotyczy\u0142y \u017cywych do dzi\u015b zwyczaj\u00f3w i obrz\u0119d\u00f3w dorocznych. Celem bada\u0144 by\u0142o ukazanie skali zmian, jakie zasz\u0142y na [&hellip;]<\/p>\n","protected":false},"author":1,"featured_media":0,"parent":0,"menu_order":0,"comment_status":"closed","ping_status":"closed","template":"","meta":[],"yoast_head":"<!-- This site is optimized with the Yoast SEO plugin v18.4.1 - https:\/\/yoast.com\/wordpress\/plugins\/seo\/ -->\n<title>O projekcie - Mapa Obrz\u0119dowa<\/title>\n<meta name=\"robots\" content=\"index, follow, max-snippet:-1, max-image-preview:large, max-video-preview:-1\" \/>\n<link rel=\"canonical\" href=\"http:\/\/mapaobrzedowa.pl\/mapa\/o-projekcie\/\" \/>\n<meta property=\"og:locale\" content=\"pl_PL\" \/>\n<meta property=\"og:type\" content=\"article\" \/>\n<meta property=\"og:title\" content=\"O projekcie - Mapa Obrz\u0119dowa\" \/>\n<meta property=\"og:description\" content=\"\u201eMapa Obrz\u0119dowa G\u00f3rnego \u015al\u0105ska\u201d to dwuletnie badanie etnograficzne zrealizowane przez Regionalny Instytut Kultury im. Wojciecha Korfantego. Projekt zosta\u0142 dofinansowany przez Ministra Kultury i Dziedzictwa Narodowego. Badanie i prace dokumentacyjne prowadzone by\u0142y na terenie wojew\u00f3dztwa \u015bl\u0105skiego i opolskiego i dotyczy\u0142y \u017cywych do dzi\u015b zwyczaj\u00f3w i obrz\u0119d\u00f3w dorocznych. Celem bada\u0144 by\u0142o ukazanie skali zmian, jakie zasz\u0142y na [&hellip;]\" \/>\n<meta property=\"og:url\" content=\"http:\/\/mapaobrzedowa.pl\/mapa\/o-projekcie\/\" \/>\n<meta property=\"og:site_name\" content=\"Mapa Obrz\u0119dowa\" \/>\n<meta property=\"article:modified_time\" content=\"2023-12-21T10:07:13+00:00\" \/>\n<meta property=\"og:image\" content=\"http:\/\/mapaobrzedowa.pl\/mapa\/wp-content\/uploads\/2018\/10\/1539695774-1024x743.png\" \/>\n<meta name=\"twitter:card\" content=\"summary_large_image\" \/>\n<meta name=\"twitter:label1\" content=\"Szacowany czas czytania\" \/>\n\t<meta name=\"twitter:data1\" content=\"2 minuty\" \/>\n<script type=\"application\/ld+json\" class=\"yoast-schema-graph\">{\"@context\":\"https:\/\/schema.org\",\"@graph\":[{\"@type\":\"WebSite\",\"@id\":\"http:\/\/mapaobrzedowa.pl\/mapa\/#website\",\"url\":\"http:\/\/mapaobrzedowa.pl\/mapa\/\",\"name\":\"Mapa Obrz\u0119dowa\",\"description\":\"\",\"potentialAction\":[{\"@type\":\"SearchAction\",\"target\":{\"@type\":\"EntryPoint\",\"urlTemplate\":\"http:\/\/mapaobrzedowa.pl\/mapa\/?s={search_term_string}\"},\"query-input\":\"required name=search_term_string\"}],\"inLanguage\":\"pl-PL\"},{\"@type\":\"ImageObject\",\"@id\":\"http:\/\/mapaobrzedowa.pl\/mapa\/o-projekcie\/#primaryimage\",\"inLanguage\":\"pl-PL\",\"url\":\"http:\/\/mapaobrzedowa.pl\/mapa\/wp-content\/uploads\/2018\/10\/1539695774.png\",\"contentUrl\":\"http:\/\/mapaobrzedowa.pl\/mapa\/wp-content\/uploads\/2018\/10\/1539695774.png\",\"width\":1905,\"height\":1383},{\"@type\":\"WebPage\",\"@id\":\"http:\/\/mapaobrzedowa.pl\/mapa\/o-projekcie\/#webpage\",\"url\":\"http:\/\/mapaobrzedowa.pl\/mapa\/o-projekcie\/\",\"name\":\"O projekcie - Mapa Obrz\u0119dowa\",\"isPartOf\":{\"@id\":\"http:\/\/mapaobrzedowa.pl\/mapa\/#website\"},\"primaryImageOfPage\":{\"@id\":\"http:\/\/mapaobrzedowa.pl\/mapa\/o-projekcie\/#primaryimage\"},\"datePublished\":\"2018-08-14T11:47:51+00:00\",\"dateModified\":\"2023-12-21T10:07:13+00:00\",\"breadcrumb\":{\"@id\":\"http:\/\/mapaobrzedowa.pl\/mapa\/o-projekcie\/#breadcrumb\"},\"inLanguage\":\"pl-PL\",\"potentialAction\":[{\"@type\":\"ReadAction\",\"target\":[\"http:\/\/mapaobrzedowa.pl\/mapa\/o-projekcie\/\"]}]},{\"@type\":\"BreadcrumbList\",\"@id\":\"http:\/\/mapaobrzedowa.pl\/mapa\/o-projekcie\/#breadcrumb\",\"itemListElement\":[{\"@type\":\"ListItem\",\"position\":1,\"name\":\"Strona g\u0142\u00f3wna\",\"item\":\"http:\/\/mapaobrzedowa.pl\/mapa\/\"},{\"@type\":\"ListItem\",\"position\":2,\"name\":\"O projekcie\"}]}]}<\/script>\n<!-- \/ Yoast SEO plugin. -->","yoast_head_json":{"title":"O projekcie - Mapa Obrz\u0119dowa","robots":{"index":"index","follow":"follow","max-snippet":"max-snippet:-1","max-image-preview":"max-image-preview:large","max-video-preview":"max-video-preview:-1"},"canonical":"http:\/\/mapaobrzedowa.pl\/mapa\/o-projekcie\/","og_locale":"pl_PL","og_type":"article","og_title":"O projekcie - Mapa Obrz\u0119dowa","og_description":"\u201eMapa Obrz\u0119dowa G\u00f3rnego \u015al\u0105ska\u201d to dwuletnie badanie etnograficzne zrealizowane przez Regionalny Instytut Kultury im. Wojciecha Korfantego. Projekt zosta\u0142 dofinansowany przez Ministra Kultury i Dziedzictwa Narodowego. Badanie i prace dokumentacyjne prowadzone by\u0142y na terenie wojew\u00f3dztwa \u015bl\u0105skiego i opolskiego i dotyczy\u0142y \u017cywych do dzi\u015b zwyczaj\u00f3w i obrz\u0119d\u00f3w dorocznych. Celem bada\u0144 by\u0142o ukazanie skali zmian, jakie zasz\u0142y na [&hellip;]","og_url":"http:\/\/mapaobrzedowa.pl\/mapa\/o-projekcie\/","og_site_name":"Mapa Obrz\u0119dowa","article_modified_time":"2023-12-21T10:07:13+00:00","og_image":[{"url":"http:\/\/mapaobrzedowa.pl\/mapa\/wp-content\/uploads\/2018\/10\/1539695774-1024x743.png"}],"twitter_card":"summary_large_image","twitter_misc":{"Szacowany czas czytania":"2 minuty"},"schema":{"@context":"https:\/\/schema.org","@graph":[{"@type":"WebSite","@id":"http:\/\/mapaobrzedowa.pl\/mapa\/#website","url":"http:\/\/mapaobrzedowa.pl\/mapa\/","name":"Mapa Obrz\u0119dowa","description":"","potentialAction":[{"@type":"SearchAction","target":{"@type":"EntryPoint","urlTemplate":"http:\/\/mapaobrzedowa.pl\/mapa\/?s={search_term_string}"},"query-input":"required name=search_term_string"}],"inLanguage":"pl-PL"},{"@type":"ImageObject","@id":"http:\/\/mapaobrzedowa.pl\/mapa\/o-projekcie\/#primaryimage","inLanguage":"pl-PL","url":"http:\/\/mapaobrzedowa.pl\/mapa\/wp-content\/uploads\/2018\/10\/1539695774.png","contentUrl":"http:\/\/mapaobrzedowa.pl\/mapa\/wp-content\/uploads\/2018\/10\/1539695774.png","width":1905,"height":1383},{"@type":"WebPage","@id":"http:\/\/mapaobrzedowa.pl\/mapa\/o-projekcie\/#webpage","url":"http:\/\/mapaobrzedowa.pl\/mapa\/o-projekcie\/","name":"O projekcie - Mapa Obrz\u0119dowa","isPartOf":{"@id":"http:\/\/mapaobrzedowa.pl\/mapa\/#website"},"primaryImageOfPage":{"@id":"http:\/\/mapaobrzedowa.pl\/mapa\/o-projekcie\/#primaryimage"},"datePublished":"2018-08-14T11:47:51+00:00","dateModified":"2023-12-21T10:07:13+00:00","breadcrumb":{"@id":"http:\/\/mapaobrzedowa.pl\/mapa\/o-projekcie\/#breadcrumb"},"inLanguage":"pl-PL","potentialAction":[{"@type":"ReadAction","target":["http:\/\/mapaobrzedowa.pl\/mapa\/o-projekcie\/"]}]},{"@type":"BreadcrumbList","@id":"http:\/\/mapaobrzedowa.pl\/mapa\/o-projekcie\/#breadcrumb","itemListElement":[{"@type":"ListItem","position":1,"name":"Strona g\u0142\u00f3wna","item":"http:\/\/mapaobrzedowa.pl\/mapa\/"},{"@type":"ListItem","position":2,"name":"O projekcie"}]}]}},"acf":[],"_links":{"self":[{"href":"http:\/\/mapaobrzedowa.pl\/mapa\/wp-json\/wp\/v2\/pages\/116"}],"collection":[{"href":"http:\/\/mapaobrzedowa.pl\/mapa\/wp-json\/wp\/v2\/pages"}],"about":[{"href":"http:\/\/mapaobrzedowa.pl\/mapa\/wp-json\/wp\/v2\/types\/page"}],"author":[{"embeddable":true,"href":"http:\/\/mapaobrzedowa.pl\/mapa\/wp-json\/wp\/v2\/users\/1"}],"replies":[{"embeddable":true,"href":"http:\/\/mapaobrzedowa.pl\/mapa\/wp-json\/wp\/v2\/comments?post=116"}],"version-history":[{"count":10,"href":"http:\/\/mapaobrzedowa.pl\/mapa\/wp-json\/wp\/v2\/pages\/116\/revisions"}],"predecessor-version":[{"id":7425,"href":"http:\/\/mapaobrzedowa.pl\/mapa\/wp-json\/wp\/v2\/pages\/116\/revisions\/7425"}],"wp:attachment":[{"href":"http:\/\/mapaobrzedowa.pl\/mapa\/wp-json\/wp\/v2\/media?parent=116"}],"curies":[{"name":"wp","href":"https:\/\/api.w.org\/{rel}","templated":true}]}}